{"id":2,"date":"2020-11-11T17:43:08","date_gmt":"2020-11-11T16:43:08","guid":{"rendered":"http:\/\/www.chrenhart.eu\/2021\/?page_id=2"},"modified":"2024-05-11T11:43:54","modified_gmt":"2024-05-11T09:43:54","slug":"biography","status":"publish","type":"page","link":"https:\/\/www.chrenhart.eu\/2021\/biography\/","title":{"rendered":"Biography"},"content":{"rendered":"\n<div class=\"wp-block-group alignwide has-background\" style=\"background-color:#2c7075ed\"><div class=\"wp-block-group__inner-container is-layout-constrained wp-block-group-is-layout-constrained\">\n<div class=\"wp-block-group alignwide has-background-background-color has-background\"><div class=\"wp-block-group__inner-container is-layout-constrained wp-block-group-is-layout-constrained\"><div class=\"wp-block-image is-style-rounded wp-duotone-unset-1\">\n<figure class=\"aligncenter size-large is-resized\"><img loading=\"lazy\" decoding=\"async\" width=\"1024\" height=\"1024\" src=\"https:\/\/www.chrenhart.eu\/2021\/wp-content\/uploads\/2020\/11\/RENHART-Christoph_cben_viaperalta_1500x1500-1024x1024.jpg\" alt=\"Christoph Renhart\" class=\"wp-image-18\" style=\"width:512px;height:512px\" srcset=\"https:\/\/www.chrenhart.eu\/2021\/wp-content\/uploads\/2020\/11\/RENHART-Christoph_cben_viaperalta_1500x1500-1024x1024.jpg 1024w, https:\/\/www.chrenhart.eu\/2021\/wp-content\/uploads\/2020\/11\/RENHART-Christoph_cben_viaperalta_1500x1500-300x300.jpg 300w, https:\/\/www.chrenhart.eu\/2021\/wp-content\/uploads\/2020\/11\/RENHART-Christoph_cben_viaperalta_1500x1500-150x150.jpg 150w, https:\/\/www.chrenhart.eu\/2021\/wp-content\/uploads\/2020\/11\/RENHART-Christoph_cben_viaperalta_1500x1500-768x768.jpg 768w, https:\/\/www.chrenhart.eu\/2021\/wp-content\/uploads\/2020\/11\/RENHART-Christoph_cben_viaperalta_1500x1500-1200x1200.jpg 1200w, https:\/\/www.chrenhart.eu\/2021\/wp-content\/uploads\/2020\/11\/RENHART-Christoph_cben_viaperalta_1500x1500.jpg 1500w\" sizes=\"auto, (max-width: 1024px) 100vw, 1024px\" \/><figcaption class=\"wp-element-caption\">Christoph Renhart | Foto: Ben Viaperalta<\/figcaption><\/figure>\n<\/div><\/div><\/div>\n\n\n\n<div class=\"wp-block-columns alignfull has-background-background-color has-background is-layout-flex wp-container-core-columns-is-layout-9d6595d7 wp-block-columns-is-layout-flex\">\n<div class=\"wp-block-column is-layout-flow wp-block-column-is-layout-flow\">\n<h6 class=\"wp-block-heading\">EN<\/h6>\n\n\n\n<p>As a composer, Christoph Renhart applied himself in particular to aesthetic and instrumental challenges such as the search for harmonic clarity in the midst of an overloaded soundscape. His works are often characterised by a high degree of virtuosity and colourfulness.<\/p>\n\n\n\n<p>Born in Graz in 1987, Renhart studied piano and composition there. In addition, he continued his education in the field of software design. His catalogue of works includes works for instrumental ensembles of various sizes, generative audiovisuals and numerous graphics. His musical works are published by Universal Edition.<\/p>\n\n\n\n<p>Between 2017 and 2022, he was curator of the New Music section at KULTUM in Graz. Since 2018, he has been a Senior Lecturer for music theory subjects at the Kunstuniversit\u00e4t Graz.<\/p>\n<\/div>\n\n\n\n<div class=\"wp-block-column is-layout-flow wp-block-column-is-layout-flow\">\n<h6 class=\"wp-block-heading\">DE<\/h6>\n\n\n\n<p>Christoph Renhart widmete sich als Komponist insbesondere \u00e4sthetischen und instrumentatorischen Herausforderungen wie der Suche nach einer harmonischen Klarheit inmitten eines \u00fcberladenen Klanggeschehens. Seine Werke kennzeichnet oft ein hohes Ma\u00df an Virtuosit\u00e4t und Farbigkeit.<\/p>\n\n\n\n<p>1987 in Graz geboren, studierte Renhart ebendort Klavier und Komposition. Daneben bildete er sich im Bereich Software Design fort. Der Werkkatalog beinhaltet Arbeiten f\u00fcr instrumentale Besetzungen verschiedener Gr\u00f6\u00dfen, Generative Audiovisuals und zahlreiche Grafiken. Seine musikalischen Werke erscheinen in der Universal Edition.<\/p>\n\n\n\n<p>Zwischen 2017 und 2022 leitete er als Kurator im Grazer KULTUM die Sparte Neue Musik. Seit 2018 unterrichtet er als Senior Lecturer f\u00fcr musiktheoretische F\u00e4cher an der Kunstuniversit\u00e4t Graz.<\/p>\n<\/div>\n<\/div>\n<\/div><\/div>\n\n\n\n<div style=\"height:40px\" aria-hidden=\"true\" class=\"wp-block-spacer\"><\/div>\n\n\n\n<div class=\"wp-block-group alignwide has-background\" style=\"background-color:#b8a28ded\"><div class=\"wp-block-group__inner-container is-layout-flow wp-block-group-is-layout-flow\">\n<h4 class=\"wp-block-heading has-text-align-center\" id=\"references\">References<\/h4>\n\n\n\n<div style=\"height:30px\" aria-hidden=\"true\" class=\"wp-block-spacer\"><\/div>\n\n\n\n<div class=\"wp-block-columns alignfull has-background-background-color has-background is-layout-flex wp-container-core-columns-is-layout-9d6595d7 wp-block-columns-is-layout-flex\">\n<div class=\"wp-block-column is-layout-flow wp-block-column-is-layout-flow\">\n<h6 class=\"wp-block-heading\">ENSEMBLES That have played my Music<\/h6>\n\n\n\n<p><a rel=\"noreferrer noopener\" href=\"http:\/\/www.hugowolfquartet.com\/en\/home\" target=\"_blank\">Hugo Wolf Quartett<\/a> \u2022 <a rel=\"noreferrer noopener\" href=\"http:\/\/www.klangforum.at\/\" target=\"_blank\">Klangforum Wien<\/a> \u2022 <a rel=\"noreferrer noopener\" href=\"http:\/\/www.diereihe.at\/\" target=\"_blank\">Ensemble \u00bbdie reihe\u00ab<\/a> \u2022 <a rel=\"noreferrer noopener\" href=\"http:\/\/www.kontrapunkte.at\/\" target=\"_blank\">Ensemble Kontrapunkte<\/a> \u2022 <a rel=\"noreferrer noopener\" href=\"http:\/\/www.musiquesnouvelles.com\/\" target=\"_blank\">Ensemble Musiques Nouvelles<\/a> \u2022 <a rel=\"noreferrer noopener\" href=\"http:\/\/www.ensembleplus.at\/\" target=\"_blank\">Ensemble Plus<\/a> \u2022 <a rel=\"noreferrer noopener\" href=\"https:\/\/www.ensemblereconsil.com\/\" target=\"_blank\">Ensemble reconsil<\/a> \u2022 <a rel=\"noreferrer noopener\" href=\"http:\/\/www.jenaer-philharmonie.de\/de\/158949\" target=\"_blank\">Jenaer Philharmonie<\/a> \u2022 Shanghai Sinfonietta \u2022 <a rel=\"noreferrer noopener\" href=\"http:\/\/www.tonkuenstler.at\/en\" target=\"_blank\">Tonk\u00fcnstler-Orchester Nieder\u00f6sterreich<\/a> \u2022 <a rel=\"noreferrer noopener\" href=\"http:\/\/www.wiener-concertverein.at\/de\/\" target=\"_blank\">Wiener Concert Verein<\/a> \u2022 <a rel=\"noreferrer noopener\" href=\"http:\/\/ensemble-zeitfluss.com\/\" target=\"_blank\">Ensemble Zeitfluss<\/a><\/p>\n\n\n\n<h6 class=\"wp-block-heading\">MUSICIANS that have played my Music<\/h6>\n\n\n\n<p><a rel=\"noreferrer noopener\" href=\"http:\/\/www.doris-adam.com\/\" target=\"_blank\">Doris Adam<\/a> (piano) \u2022 <a rel=\"noreferrer noopener\" href=\"http:\/\/www.karin-adam.com\/\" target=\"_blank\">Karin Adam<\/a> (piano) \u2022 <a rel=\"noreferrer noopener\" href=\"https:\/\/manuelalcarazclemente.com\/\" target=\"_blank\">Manuel Alcaraz Clemente<\/a> (percussion) \u2022 <a rel=\"noreferrer noopener\" href=\"https:\/\/www.extendedpiano.com\/\" target=\"_blank\">Katharina Bleier<\/a> (piano) \u2022 <a rel=\"noreferrer noopener\" href=\"https:\/\/www.allegro-vivo.at\/de\/artist\/johanna-von-der-deken\/\" target=\"_blank\">Johanna von der Deken<\/a> (mezzosoprano) \u2022 Sophie Fournier (piano) \u2022 Gregor Forbes (piano) \u2022 Markus L. Frank (conductor) \u2022 <a rel=\"noreferrer noopener\" href=\"http:\/\/mariafrodl.com\/\" target=\"_blank\">Maria Frodl<\/a> (violoncello) \u2022 <a rel=\"noreferrer noopener\" href=\"http:\/\/andreasfroeschl.tumblr.com\/\" target=\"_blank\">Andreas Fr\u00f6schl<\/a> (piano) \u2022 Leonhard Garms (conductor) \u2022 <a rel=\"noreferrer noopener\" href=\"http:\/\/www.hfm-detmold.de\/die-hochschule\/personenverzeichnis\/lehrende\/vita\/alexander-gebert\/\" target=\"_blank\">Alexander Gebert<\/a> (violoncello) \u2022 <a rel=\"noreferrer noopener\" href=\"http:\/\/www.annaclarehauf.at\" target=\"_blank\">Anna Clare Hauf<\/a> (mezzosoprano) \u2022 <a rel=\"noreferrer noopener\" href=\"https:\/\/www.elsagiannoulidou.com\/\" target=\"_blank\">Elsa Janulidu<\/a> (mezzosoprano) \u2022 Peter Keuschnig (conductor) \u2022 <a rel=\"noreferrer noopener\" href=\"http:\/\/georgklimbacher.com\/english\/\" target=\"_blank\">Georg Klimbacher<\/a> (baritone) \u2022 <a rel=\"noreferrer noopener\" href=\"http:\/\/www.geraldkrammer.at\/\" target=\"_blank\">Gerald Krammer<\/a> (conductor) \u2022 <a rel=\"noreferrer noopener\" href=\"http:\/\/www.annamagdalenakokits.com\/\" target=\"_blank\">Anna Magdalena Kokits<\/a> (piano) \u2022 <a rel=\"noreferrer noopener\" href=\"https:\/\/www.esm.rochester.edu\/faculty\/lubman_brad\/\" target=\"_blank\">Brad Lubman<\/a> (conductor) \u2022 <a rel=\"noreferrer noopener\" href=\"http:\/\/www.edomicic.at\/\" target=\"_blank\">Edo Micic<\/a> (conductor) \u2022 <a rel=\"noreferrer noopener\" href=\"http:\/\/www.gabriela-mossyrsch.at\/\" target=\"_blank\">Gabriela Mossyrsch<\/a> (harp) \u2022 Kaori Nishii (piano) \u2022 Hugo Paiva (violoncello) \u2022 <a rel=\"noreferrer noopener\" href=\"http:\/\/www.gottfriedrabl.com\/\" target=\"_blank\">Gottfried Rabl<\/a> (conductor) \u2022 <a rel=\"noreferrer noopener\" href=\"http:\/\/www.robertreinagl.com\/\" target=\"_blank\">Robert Reinagl<\/a> (speaker) \u2022 <a rel=\"noreferrer noopener\" href=\"https:\/\/www.tomasz-skweres.com\/\" target=\"_blank\">Tomasz Skweres<\/a> (violoncello) \u2022 <a rel=\"noreferrer noopener\" href=\"http:\/\/www.urbanstanic.com\/\" target=\"_blank\">Urban Stani\u010d<\/a> (piano) \u2022 <a rel=\"noreferrer noopener\" href=\"http:\/\/www.klaudia-tandl.com\/\" target=\"_blank\">Klaudia Tandl<\/a> (mezzosoprano) \u2022 <a rel=\"noreferrer noopener\" href=\"http:\/\/tastenteufel.at\/\" target=\"_blank\">Andreas Teufel<\/a> (piano) \u2022 <a rel=\"noreferrer noopener\" href=\"https:\/\/www.musikakademie.li\/Person.aspx?nid=10608&amp;group=0&amp;lang=DE&amp;id=60\" target=\"_blank\">Irina Vaterl<\/a> (piano)<\/p>\n<\/div>\n\n\n\n<div class=\"wp-block-column is-layout-flow wp-block-column-is-layout-flow\">\n<h6 class=\"wp-block-heading\">COMPOSERS Associations I&#8217;m A Member of<\/h6>\n\n\n\n<p><a href=\"https:\/\/www.austriancomposers.com\/\" target=\"_blank\" rel=\"noreferrer noopener\">ACOM \u2013 Austrian Composers<\/a><br><a href=\"https:\/\/anderesaite.mur.at\/\" target=\"_blank\" rel=\"noreferrer noopener\">die andere saite<\/a><br><a href=\"https:\/\/oegzm.at\" target=\"_blank\" rel=\"noreferrer noopener\">\u00d6GZM \u2013 Austrian Society for Contemporary Music<br><\/a><a href=\"http:\/\/www.steirischertonkuenstlerbund.at\/\" target=\"_blank\" rel=\"noreferrer noopener\">Steirischer Tonk\u00fcnstlerbund<\/a><\/p>\n\n\n\n<h6 class=\"wp-block-heading\">INSTITUTIONS that have contributed my Music<\/h6>\n\n\n\n<p><a rel=\"noreferrer noopener\" href=\"http:\/\/www.absw.at\/index.php\/de\/\" target=\"_blank\">Alban-Berg-Stiftung<\/a> \u2022 <a rel=\"noreferrer noopener\" href=\"https:\/\/www.alte-schmiede.at\/\" target=\"_blank\">Alte Schmiede Kunstverein Wien<\/a> \u2022 <a rel=\"noreferrer noopener\" href=\"https:\/\/anderesaite.mur.at\/\" data-type=\"URL\" data-id=\"https:\/\/anderesaite.mur.at\/\" target=\"_blank\">die andere saite<\/a><strong> \u2022<\/strong> <a rel=\"noreferrer noopener\" href=\"http:\/\/www.grafenegg.com\/de\" target=\"_blank\">Grafenegg Festival<\/a> \u2022 <a rel=\"noreferrer noopener\" href=\"https:\/\/www.jeunesse.at\/home.html\" target=\"_blank\">Jeunesse<\/a> \u2022 <a rel=\"noreferrer noopener\" href=\"http:\/\/www.verwaltung.steiermark.at\/cms\/ziel\/74836019\/DE\" target=\"_blank\">Johann-Joseph-Fux-Konservatorium des Landes Steiermark<\/a> \u2022 <a rel=\"noreferrer noopener\" href=\"http:\/\/www.kultum.at\/\" target=\"_blank\">Kulturzentrum bei den Minoriten Graz<\/a> \u2022 <a rel=\"noreferrer noopener\" href=\"https:\/\/www.musicaustria.at\/\" target=\"_blank\">mica \u2013 Music Information Center Austria<\/a> \u2022 <a rel=\"noreferrer noopener\" href=\"http:\/\/oe1.orf.at\/\" target=\"_blank\">Radio \u00d6sterreich 1<\/a> \u2022 <a rel=\"noreferrer noopener\" href=\"http:\/\/www.raibz.rai.it\/de\/index.php\" target=\"_blank\">Rai S\u00fcdtirol<\/a> \u2022  <a rel=\"noreferrer noopener\" href=\"http:\/\/www.tactus.be\/\" target=\"_blank\">[&#8216;tactus] Young Composers&#8217; Forum<\/a> \u2022 <a rel=\"noreferrer noopener\" href=\"https:\/\/www.universaledition.com\/christoph-renhart-7826\" target=\"_blank\">Universal Edition<\/a> \u2022 <a rel=\"noreferrer noopener\" href=\"https:\/\/www.kug.ac.at\/kunstuniversitaet-graz.html\" target=\"_blank\">Universit\u00e4t f\u00fcr Musik und darstellende Kunst Graz<\/a> \u2022 <a rel=\"noreferrer noopener\" href=\"http:\/\/via-nova-ev.de\/\" target=\"_blank\">via nova \u2013 zeitgen\u00f6ssische Musik in Th\u00fcringen e.V.<\/a> \u2022 <a rel=\"noreferrer noopener\" href=\"http:\/\/www.welserabonnementkonzerte.at\/\" target=\"_blank\">Welser Abonnementkonzerte<\/a> \u2022 <a rel=\"noreferrer noopener\" href=\"https:\/\/konzerthaus.at\/\" target=\"_blank\">Wiener Konzerthaus<\/a> \u2022 <a rel=\"noreferrer noopener\" href=\"https:\/\/www.musikverein.at\/\" target=\"_blank\">Wiener Musikverein<\/a><\/p>\n<\/div>\n<\/div>\n<\/div><\/div>\n\n\n\n<div style=\"height:40px\" aria-hidden=\"true\" class=\"wp-block-spacer\"><\/div>\n\n\n\n<div class=\"wp-block-group alignwide has-background\" id=\"press\" style=\"background-color:#c3bf92ed\"><div class=\"wp-block-group__inner-container is-layout-flow wp-block-group-is-layout-flow\">\n<div class=\"wp-block-columns alignfull has-background-background-color has-background is-layout-flex wp-container-core-columns-is-layout-9d6595d7 wp-block-columns-is-layout-flex\">\n<div class=\"wp-block-column is-layout-flow wp-block-column-is-layout-flow\">\n<h6 class=\"wp-block-heading\" id=\"downloads\">Downloads<\/h6>\n\n\n\n<p><a href=\"https:\/\/chrenhart.eu\/lib\/press\/\" target=\"_blank\" rel=\"noreferrer noopener\">Press kit \u2013 Biography, Portrait photos, CV<\/a><\/p>\n\n\n\n<p>Images may be used if credits are cited.<\/p>\n<\/div>\n\n\n\n<div class=\"wp-block-column is-layout-flow wp-block-column-is-layout-flow\">\n<h6 class=\"wp-block-heading\" id=\"contact\">Contact<\/h6>\n\n\n\n<p>MAIL:\u00a0info {AT} chrenhart.eu<\/p>\n\n\n<noscript class=\"ninja-forms-noscript-message\">\n\tNotice: JavaScript is required for this content.<\/noscript>\n<div id=\"nf-form-4-cont\" class=\"nf-form-cont\" aria-live=\"polite\" aria-labelledby=\"nf-form-title-4\" aria-describedby=\"nf-form-errors-4\" role=\"form\">\n\n    <div class=\"nf-loading-spinner\"><\/div>\n\n<\/div>\n        <!-- That data is being printed as a workaround to page builders reordering the order of the scripts loaded-->\n        <script>var formDisplay=1;var nfForms=nfForms||[];var form=[];form.id='4';form.settings={\"objectType\":\"Form Setting\",\"editActive\":true,\"title\":\"\",\"show_title\":1,\"allow_public_link\":0,\"embed_form\":\"\",\"clear_complete\":1,\"hide_complete\":1,\"default_label_pos\":\"above\",\"wrapper_class\":\"\",\"element_class\":\"\",\"key\":\"\",\"add_submit\":1,\"changeEmailErrorMsg\":\"Please enter a valid email address!\",\"changeDateErrorMsg\":\"Please enter a valid date!\",\"confirmFieldErrorMsg\":\"These fields must match!\",\"fieldNumberNumMinError\":\"Number Min Error\",\"fieldNumberNumMaxError\":\"Number Max Error\",\"fieldNumberIncrementBy\":\"Please increment by \",\"formErrorsCorrectErrors\":\"Please correct errors before submitting this form.\",\"validateRequiredField\":\"This is a required field.\",\"honeypotHoneypotError\":\"Honeypot Error\",\"fieldsMarkedRequired\":\"Fields marked with an <span class=\\\"ninja-forms-req-symbol\\\">*<\\\/span> are required\",\"currency\":\"\",\"unique_field_error\":\"A form with this value has already been submitted.\",\"logged_in\":false,\"not_logged_in_msg\":\"\",\"sub_limit_msg\":\"The form has reached its submission limit.\",\"calculations\":[],\"formContentData\":[\"textbox_1608493238392\",\"textbox_1608493242880\",\"textarea_1608493246767\",\"submit_1608493327594\"],\"drawerDisabled\":false,\"repeatable_fieldsets\":\"\",\"ninjaForms\":\"Ninja Forms\",\"fieldTextareaRTEInsertLink\":\"Insert Link\",\"fieldTextareaRTEInsertMedia\":\"Insert Media\",\"fieldTextareaRTESelectAFile\":\"Select a file\",\"formHoneypot\":\"If you are a human seeing this field, please leave it empty.\",\"fileUploadOldCodeFileUploadInProgress\":\"File Upload in Progress.\",\"fileUploadOldCodeFileUpload\":\"FILE UPLOAD\",\"currencySymbol\":\"&#36;\",\"thousands_sep\":\",\",\"decimal_point\":\".\",\"siteLocale\":\"en_US\",\"dateFormat\":\"m\\\/d\\\/Y\",\"startOfWeek\":\"1\",\"of\":\"of\",\"previousMonth\":\"Previous Month\",\"nextMonth\":\"Next Month\",\"months\":[\"January\",\"February\",\"March\",\"April\",\"May\",\"June\",\"July\",\"August\",\"September\",\"October\",\"November\",\"December\"],\"monthsShort\":[\"Jan\",\"Feb\",\"Mar\",\"Apr\",\"May\",\"Jun\",\"Jul\",\"Aug\",\"Sep\",\"Oct\",\"Nov\",\"Dec\"],\"weekdays\":[\"Sunday\",\"Monday\",\"Tuesday\",\"Wednesday\",\"Thursday\",\"Friday\",\"Saturday\"],\"weekdaysShort\":[\"Sun\",\"Mon\",\"Tue\",\"Wed\",\"Thu\",\"Fri\",\"Sat\"],\"weekdaysMin\":[\"Su\",\"Mo\",\"Tu\",\"We\",\"Th\",\"Fr\",\"Sa\"],\"recaptchaConsentMissing\":\"reCaptcha validation couldn&#039;t load.\",\"recaptchaMissingCookie\":\"reCaptcha v3 validation couldn&#039;t load the cookie needed to submit the form.\",\"recaptchaConsentEvent\":\"Accept reCaptcha cookies before sending the form.\",\"currency_symbol\":\"\",\"beforeForm\":\"\",\"beforeFields\":\"\",\"afterFields\":\"\",\"afterForm\":\"\"};form.fields=[{\"objectType\":\"Field\",\"objectDomain\":\"fields\",\"editActive\":false,\"order\":999,\"idAttribute\":\"id\",\"type\":\"textbox\",\"label\":\"\",\"key\":\"textbox_1608493238392\",\"label_pos\":\"above\",\"required\":false,\"default\":\"\",\"placeholder\":\"your name\",\"container_class\":\"ninja_container\",\"element_class\":\"ninja_textfield\",\"input_limit\":\"\",\"input_limit_type\":\"characters\",\"input_limit_msg\":\"Character(s) left\",\"manual_key\":false,\"admin_label\":\"\",\"help_text\":\"\",\"mask\":\"\",\"custom_mask\":\"\",\"custom_name_attribute\":\"\",\"personally_identifiable\":\"\",\"value\":\"\",\"drawerDisabled\":false,\"id\":14,\"beforeField\":\"\",\"afterField\":\"\",\"parentType\":\"textbox\",\"element_templates\":[\"textbox\",\"input\"],\"old_classname\":\"\",\"wrap_template\":\"wrap\"},{\"objectType\":\"Field\",\"objectDomain\":\"fields\",\"editActive\":false,\"order\":999,\"idAttribute\":\"id\",\"type\":\"textbox\",\"label\":\"\",\"key\":\"textbox_1608493242880\",\"label_pos\":\"above\",\"required\":false,\"default\":\"\",\"placeholder\":\"your email\",\"container_class\":\"\",\"element_class\":\"ninja_textfield\",\"input_limit\":\"\",\"input_limit_type\":\"characters\",\"input_limit_msg\":\"Character(s) left\",\"manual_key\":false,\"admin_label\":\"\",\"help_text\":\"\",\"mask\":\"\",\"custom_mask\":\"\",\"custom_name_attribute\":\"\",\"personally_identifiable\":\"\",\"value\":\"\",\"drawerDisabled\":false,\"id\":15,\"beforeField\":\"\",\"afterField\":\"\",\"parentType\":\"textbox\",\"element_templates\":[\"textbox\",\"input\"],\"old_classname\":\"\",\"wrap_template\":\"wrap\"},{\"objectType\":\"Field\",\"objectDomain\":\"fields\",\"editActive\":false,\"order\":999,\"idAttribute\":\"id\",\"type\":\"textarea\",\"label\":\"\",\"key\":\"textarea_1608493246767\",\"label_pos\":\"above\",\"required\":false,\"default\":\"\",\"placeholder\":\"your message\",\"container_class\":\"\",\"element_class\":\"ninja_textfield\",\"input_limit\":\"\",\"input_limit_type\":\"characters\",\"input_limit_msg\":\"Character(s) left\",\"manual_key\":false,\"admin_label\":\"\",\"help_text\":\"<p><br><\\\/p>\",\"textarea_rte\":\"\",\"disable_rte_mobile\":\"\",\"textarea_media\":\"\",\"value\":\"\",\"drawerDisabled\":false,\"id\":16,\"beforeField\":\"\",\"afterField\":\"\",\"parentType\":\"textarea\",\"element_templates\":[\"textarea\",\"input\"],\"old_classname\":\"\",\"wrap_template\":\"wrap\"},{\"objectType\":\"Field\",\"objectDomain\":\"fields\",\"editActive\":false,\"order\":9999,\"idAttribute\":\"id\",\"type\":\"submit\",\"label\":\"Submit\",\"processing_label\":\"Processing\",\"container_class\":\"\",\"element_class\":\"\",\"key\":\"submit_1608493327594\",\"id\":17,\"beforeField\":\"\",\"afterField\":\"\",\"value\":\"\",\"label_pos\":\"above\",\"parentType\":\"textbox\",\"element_templates\":[\"submit\",\"button\",\"input\"],\"old_classname\":\"\",\"wrap_template\":\"wrap-no-label\"}];nfForms.push(form);<\/script>\n        <\/div>\n<\/div>\n<\/div><\/div>\n","protected":false},"excerpt":{"rendered":"<p>EN As a composer, Christoph Renhart applied himself in particular to aesthetic and instrumental challenges such as the search for harmonic clarity in the midst of an overloaded soundscape. His works are often characterised by a high degree of virtuosity and colourfulness. Born in Graz in 1987, Renhart studied piano and composition there. In addition, [&hellip;]<\/p>\n","protected":false},"author":1,"featured_media":0,"parent":0,"menu_order":0,"comment_status":"closed","ping_status":"open","template":"","meta":{"pgc_sgb_lightbox_settings":"","footnotes":""},"class_list":["post-2","page","type-page","status-publish","hentry"],"_links":{"self":[{"href":"https:\/\/www.chrenhart.eu\/2021\/wp-json\/wp\/v2\/pages\/2","targetHints":{"allow":["GET"]}}],"collection":[{"href":"https:\/\/www.chrenhart.eu\/2021\/wp-json\/wp\/v2\/pages"}],"about":[{"href":"https:\/\/www.chrenhart.eu\/2021\/wp-json\/wp\/v2\/types\/page"}],"author":[{"embeddable":true,"href":"https:\/\/www.chrenhart.eu\/2021\/wp-json\/wp\/v2\/users\/1"}],"replies":[{"embeddable":true,"href":"https:\/\/www.chrenhart.eu\/2021\/wp-json\/wp\/v2\/comments?post=2"}],"version-history":[{"count":62,"href":"https:\/\/www.chrenhart.eu\/2021\/wp-json\/wp\/v2\/pages\/2\/revisions"}],"predecessor-version":[{"id":2537,"href":"https:\/\/www.chrenhart.eu\/2021\/wp-json\/wp\/v2\/pages\/2\/revisions\/2537"}],"wp:attachment":[{"href":"https:\/\/www.chrenhart.eu\/2021\/wp-json\/wp\/v2\/media?parent=2"}],"curies":[{"name":"wp","href":"https:\/\/api.w.org\/{rel}","templated":true}]}}