{"id":3,"date":"2020-11-11T17:43:08","date_gmt":"2020-11-11T16:43:08","guid":{"rendered":"http:\/\/www.chrenhart.eu\/2021\/?page_id=3"},"modified":"2023-12-23T21:38:29","modified_gmt":"2023-12-23T20:38:29","slug":"datenschutzerklaerung","status":"publish","type":"page","link":"https:\/\/www.chrenhart.eu\/2021\/datenschutzerklaerung\/","title":{"rendered":"Datenschutz"},"content":{"rendered":"\n<div class=\"wp-block-group alignwide has-secondary-background-color has-background\"><div class=\"wp-block-group__inner-container is-layout-constrained wp-block-group-is-layout-constrained\">\n<h2 class=\"wp-block-heading\">Erkl\u00e4rung zur Informationspflicht<\/h2>\n\n\n\n<h6 class=\"wp-block-heading\" id=\"heading__Datenschutzerklaerung_\">(DATENSCHUTZERKL\u00c4RUNG)<\/h6>\n\n\n\n<p>Der Schutz Ihrer pers\u00f6nlichen Daten ist uns ein besonderes Anliegen. Wir verarbeiten Ihre Daten daher ausschlie\u00dflich auf Grundlage der gesetzlichen Bestimmungen (DSGVO, TKG 2003). In diesen Datenschutzinformationen informieren wir Sie \u00fcber die wichtigsten Aspekte der Datenverarbeitung im Rahmen unserer Website.<\/p>\n\n\n\n<p>Beim Besuch unserer Webseite wird Ihre IP-Adresse, Beginn und Ende der Sitzung f\u00fcr die Dauer dieser Sitzung erfasst. Dies ist technisch bedingt und stellt damit ein berechtigtes Interesse iSv Art 6 Abs 1 lit f DSGVO dar. Soweit im Folgenden nichts anderes geregelt wird, werden diese Daten von uns nicht weiterverarbeitet.<\/p>\n\n\n\n<h6 class=\"wp-block-heading\" id=\"heading_Kontakt_mit_uns\">KONTAKT MIT UNS<\/h6>\n\n\n\n<p>Wenn Sie per Formular auf der Website oder per E-Mail Kontakt mit uns aufnehmen, werden Ihre angegebenen Daten zwecks Bearbeitung der Anfrage und f\u00fcr den Fall von Anschlussfragen sechs Monate bei uns gespeichert. Diese Daten geben wir nicht ohne Ihre Einwilligung weiter.<\/p>\n\n\n\n<h6 class=\"wp-block-heading\" id=\"heading_Cookies\">COOKIES<\/h6>\n\n\n\n<p>Unsere Website verwendet so genannte Cookies. Dabei handelt es sich um kleine Textdateien, die mit Hilfe des Browsers auf Ihrem Endger\u00e4t abgelegt werden. Sie richten keinen Schaden an.<\/p>\n\n\n\n<p>Wir nutzen Cookies dazu, unser Angebot nutzerfreundlich zu gestalten. Einige Cookies bleiben auf Ihrem Endger\u00e4t gespeichert, bis Sie diese l\u00f6schen. Sie erm\u00f6glichen es uns, Ihren Browser beim n\u00e4chsten Besuch wiederzuerkennen.<\/p>\n\n\n\n<p>Wenn Sie dies nicht w\u00fcnschen, so k\u00f6nnen Sie Ihren Browser so einrichten, dass er Sie \u00fcber das Setzen von Cookies informiert und Sie dies nur im Einzelfall erlauben.<\/p>\n\n\n\n<p>Bei der Deaktivierung von Cookies kann die Funktionalit\u00e4t unserer Website eingeschr\u00e4nkt sein.<\/p>\n\n\n\n<h6 class=\"wp-block-heading\" id=\"heading_Newsletter\">NEWSLETTER<\/h6>\n\n\n\n<p>Sie haben die M\u00f6glichkeit, \u00fcber unsere Website unseren Newsletter zu abonnieren. Hierf\u00fcr ben\u00f6tigen wir Ihren Kontaktdaten (Name, E-Mail-Adresse) und Ihre Erkl\u00e4rung, dass Sie mit dem Bezug des Newsletters einverstanden sind.<\/p>\n\n\n\n<p>Sobald Sie sich f\u00fcr den Newsletter angemeldet haben, senden wir Ihnen ein Best\u00e4tigungs-E-Mail mit einem Link zur Best\u00e4tigung der Anmeldung.<\/p>\n\n\n\n<p>Das Abo des Newsletters k\u00f6nnen Sie jederzeit stornieren. Senden Sie Ihre Stornierung bitte an folgende E-Mail-Adresse:&nbsp;<em>info@chrenhart.eu<\/em>. Wir l\u00f6schen anschlie\u00dfend umgehend Ihre Daten im Zusammenhang mit dem Newsletter-Versand.&nbsp;Durch diesen Widerruf wird die Rechtm\u00e4\u00dfigkeit der aufgrund der Zustimmung bis zum Widerruf erfolgten Verarbeitung nicht ber\u00fchrt.<\/p>\n\n\n\n<h6 class=\"wp-block-heading\" id=\"heading_Ihre_Rechte\">IHRE RECHTE<\/h6>\n\n\n\n<p>Ihnen stehen bez\u00fcglich Ihrer bei uns gespeicherten Daten grunds\u00e4tzlich die Rechte auf Auskunft, Berichtigung, L\u00f6schung, Einschr\u00e4nkung, Daten\u00fcbertragbarkeit, Widerruf und Widerspruch zu. Wenn Sie glauben, dass die Verarbeitung Ihrer Daten gegen das Datenschutzrecht verst\u00f6\u00dft oder Ihre datenschutzrechtlichen Anspr\u00fcche sonst in einer Weise verletzt worden sind, k\u00f6nnen Sie sich bei uns&nbsp;<em>[info@chrenhart.eu]<\/em>&nbsp;oder der Datenschutzbeh\u00f6rde beschweren.<\/p>\n\n\n\n<h6 class=\"wp-block-heading\" id=\"heading_Sie_erreichen_uns_unter_folgenden_Kontaktdaten_\">SIE ERREICHEN UNS UNTER FOLGENDEN&nbsp;<strong>KONTAKTDATEN:<\/strong><\/h6>\n\n\n\n<p>Christoph Renhart, MA MA<br>Unterlabill 42a<br>8421 Schwarzautal<br><\/p>\n\n\n\n<p>Email: info@chrenhart.eu<br>Telefon: +43 664 73542133<\/p>\n\n\n\n<h6 class=\"wp-block-heading\">ZWECK DER WEBSITE<\/h6>\n\n\n\n<p>Informationen zur Person und zu k\u00fcnstlerischen Aktivit\u00e4ten von Christoph Renhart.<\/p>\n<\/div><\/div>\n","protected":false},"excerpt":{"rendered":"<p>Erkl\u00e4rung zur Informationspflicht (DATENSCHUTZERKL\u00c4RUNG) Der Schutz Ihrer pers\u00f6nlichen Daten ist uns ein besonderes Anliegen. Wir verarbeiten Ihre Daten daher ausschlie\u00dflich auf Grundlage der gesetzlichen Bestimmungen (DSGVO, TKG 2003). In diesen Datenschutzinformationen informieren wir Sie \u00fcber die wichtigsten Aspekte der Datenverarbeitung im Rahmen unserer Website. Beim Besuch unserer Webseite wird Ihre IP-Adresse, Beginn und Ende der [&hellip;]<\/p>\n","protected":false},"author":1,"featured_media":0,"parent":0,"menu_order":0,"comment_status":"closed","ping_status":"open","template":"","meta":{"pgc_sgb_lightbox_settings":"","footnotes":""},"class_list":["post-3","page","type-page","status-publish","hentry"],"_links":{"self":[{"href":"https:\/\/www.chrenhart.eu\/2021\/wp-json\/wp\/v2\/pages\/3","targetHints":{"allow":["GET"]}}],"collection":[{"href":"https:\/\/www.chrenhart.eu\/2021\/wp-json\/wp\/v2\/pages"}],"about":[{"href":"https:\/\/www.chrenhart.eu\/2021\/wp-json\/wp\/v2\/types\/page"}],"author":[{"embeddable":true,"href":"https:\/\/www.chrenhart.eu\/2021\/wp-json\/wp\/v2\/users\/1"}],"replies":[{"embeddable":true,"href":"https:\/\/www.chrenhart.eu\/2021\/wp-json\/wp\/v2\/comments?post=3"}],"version-history":[{"count":6,"href":"https:\/\/www.chrenhart.eu\/2021\/wp-json\/wp\/v2\/pages\/3\/revisions"}],"predecessor-version":[{"id":2502,"href":"https:\/\/www.chrenhart.eu\/2021\/wp-json\/wp\/v2\/pages\/3\/revisions\/2502"}],"wp:attachment":[{"href":"https:\/\/www.chrenhart.eu\/2021\/wp-json\/wp\/v2\/media?parent=3"}],"curies":[{"name":"wp","href":"https:\/\/api.w.org\/{rel}","templated":true}]}}