{"id":51,"date":"2020-11-11T21:09:55","date_gmt":"2020-11-11T20:09:55","guid":{"rendered":"http:\/\/www.chrenhart.eu\/2021\/?page_id=51"},"modified":"2026-03-17T00:29:49","modified_gmt":"2026-03-16T23:29:49","slug":"listen","status":"publish","type":"page","link":"https:\/\/www.chrenhart.eu\/2021\/","title":{"rendered":"Music"},"content":{"rendered":"\n<figure class=\"wp-block-pullquote\"><blockquote><p>Let&#8217;s have some music.<\/p><\/blockquote><\/figure>\n\n\n\n<div style=\"height:100px\" aria-hidden=\"true\" class=\"wp-block-spacer\"><\/div>\n\n\n\n<div class=\"wp-block-group alignwide has-background\" style=\"background-color:#cc5c5ceb\"><div class=\"wp-block-group__inner-container is-layout-constrained wp-block-group-is-layout-constrained\">\n<h4 class=\"wp-block-heading has-text-align-center has-background-color has-text-color\">\u00c9chos \u00e9loquents (Mons version)<\/h4>\n\n\n\n<div style=\"height:15px\" aria-hidden=\"true\" class=\"wp-block-spacer\"><\/div>\n\n\n\n<div class=\"wp-block-group alignfull has-background-background-color has-background\"><div class=\"wp-block-group__inner-container is-layout-constrained wp-block-group-is-layout-constrained\">\n<figure class=\"wp-block-embed alignfull is-type-video is-provider-youtube wp-block-embed-youtube wp-embed-aspect-16-9 wp-has-aspect-ratio\"><div class=\"wp-block-embed__wrapper\">\n<iframe loading=\"lazy\" title=\"Christoph Renhart - Echos Eloquents - [&#039;tactus] MUSIQUES NOUVELLES\" width=\"580\" height=\"326\" src=\"https:\/\/www.youtube.com\/embed\/9Wdp-ByEooQ?feature=oembed\" frameborder=\"0\" allow=\"accelerometer; autoplay; clipboard-write; encrypted-media; gyroscope; picture-in-picture; web-share\" referrerpolicy=\"strict-origin-when-cross-origin\" allowfullscreen><\/iframe>\n<\/div><figcaption class=\"wp-element-caption\">Ensemble Musiques Nouvelles | Jean-Paul Dessy (conductor)<\/figcaption><\/figure>\n<\/div><\/div>\n\n\n\n<div style=\"height:40px\" aria-hidden=\"true\" class=\"wp-block-spacer\"><\/div>\n\n\n\n<div class=\"wp-block-buttons is-horizontal is-content-justification-center is-layout-flex wp-container-core-buttons-is-layout-499968f5 wp-block-buttons-is-layout-flex\">\n<div class=\"wp-block-button is-style-fill\"><a class=\"wp-block-button__link has-accent-color has-background-background-color has-text-color has-background wp-element-button\" href=\"https:\/\/www.universaledition.com\/christoph-renhart-7826\/werke\/echos-eloquents-29913\" target=\"_blank\" rel=\"noreferrer noopener\">buy the score from UE<\/a><\/div>\n<\/div>\n<\/div><\/div>\n\n\n\n<div style=\"height:100px\" aria-hidden=\"true\" class=\"wp-block-spacer\"><\/div>\n\n\n\n<div class=\"wp-block-group alignwide has-background\" style=\"background-color:#cdbeb4f0\"><div class=\"wp-block-group__inner-container is-layout-flow wp-block-group-is-layout-flow\">\n<h4 class=\"wp-block-heading has-text-align-center has-background-color has-text-color\">\u00celes englouties<\/h4>\n\n\n\n<div style=\"height:15px\" aria-hidden=\"true\" class=\"wp-block-spacer\"><\/div>\n\n\n\n<div class=\"wp-block-group alignwide has-background-background-color has-background\"><div class=\"wp-block-group__inner-container is-layout-constrained wp-block-group-is-layout-constrained\">\n<figure class=\"wp-block-embed alignwide is-type-video is-provider-youtube wp-block-embed-youtube wp-embed-aspect-16-9 wp-has-aspect-ratio\"><div class=\"wp-block-embed__wrapper\">\n<iframe loading=\"lazy\" title=\"Christoph Renhart - I\u0302les Englouties, Ana Ostoji\u0107, Piano\" width=\"580\" height=\"326\" src=\"https:\/\/www.youtube.com\/embed\/ktNeja2Rf6w?feature=oembed\" frameborder=\"0\" allow=\"accelerometer; autoplay; clipboard-write; encrypted-media; gyroscope; picture-in-picture; web-share\" referrerpolicy=\"strict-origin-when-cross-origin\" allowfullscreen><\/iframe>\n<\/div><figcaption class=\"wp-element-caption\">Ana Ostoji\u0107, piano<\/figcaption><\/figure>\n<\/div><\/div>\n\n\n\n<div style=\"height:40px\" aria-hidden=\"true\" class=\"wp-block-spacer\"><\/div>\n\n\n\n<div class=\"wp-block-buttons is-horizontal is-content-justification-center is-layout-flex wp-container-core-buttons-is-layout-499968f5 wp-block-buttons-is-layout-flex\">\n<div class=\"wp-block-button is-style-fill\"><a class=\"wp-block-button__link has-background wp-element-button\" href=\"https:\/\/www.universaledition.com\/en\/Works\/iles-englouties\/P0215517\" style=\"background-color:#2eb19d\" target=\"_blank\" rel=\"noreferrer noopener\">Buy the score from UE<\/a><\/div>\n<\/div>\n<\/div><\/div>\n\n\n\n<div style=\"height:100px\" aria-hidden=\"true\" class=\"wp-block-spacer\"><\/div>\n\n\n\n<div class=\"wp-block-group alignwide has-background\" style=\"background-color:#946b95f0\"><div class=\"wp-block-group__inner-container is-layout-flow wp-block-group-is-layout-flow\">\n<h4 class=\"wp-block-heading has-text-align-center has-background-color has-text-color\">Catalogue des Arts et M\u00e9tiers<\/h4>\n\n\n\n<div style=\"height:15px\" aria-hidden=\"true\" class=\"wp-block-spacer\"><\/div>\n\n\n\n<div class=\"wp-block-group alignwide has-background-background-color has-background\"><div class=\"wp-block-group__inner-container is-layout-constrained wp-block-group-is-layout-constrained\">\n<figure class=\"wp-block-embed alignfull is-type-video is-provider-youtube wp-block-embed-youtube wp-embed-aspect-16-9 wp-has-aspect-ratio\"><div class=\"wp-block-embed__wrapper\">\n<iframe loading=\"lazy\" title=\"Christoph Renhart: Catalogue des Arts et M\u00e9tiers (2018)\" width=\"580\" height=\"326\" src=\"https:\/\/www.youtube.com\/embed\/xA3NzTd0Syo?feature=oembed\" frameborder=\"0\" allow=\"accelerometer; autoplay; clipboard-write; encrypted-media; gyroscope; picture-in-picture; web-share\" referrerpolicy=\"strict-origin-when-cross-origin\" allowfullscreen><\/iframe>\n<\/div><figcaption class=\"wp-element-caption\">Ensemble Zeitfluss | Edo Micic (conductor)<\/figcaption><\/figure>\n<\/div><\/div>\n\n\n\n<div style=\"height:40px\" aria-hidden=\"true\" class=\"wp-block-spacer\"><\/div>\n\n\n\n<div class=\"wp-block-buttons is-horizontal is-content-justification-center is-layout-flex wp-container-core-buttons-is-layout-499968f5 wp-block-buttons-is-layout-flex\">\n<div class=\"wp-block-button is-style-fill\"><a class=\"wp-block-button__link has-accent-color has-background-background-color has-text-color has-background wp-element-button\" href=\"https:\/\/www.universaledition.com\/christoph-renhart-7826\/werke\/catalogue-des-arts-et-metiers-29912\" target=\"_blank\" rel=\"noreferrer noopener\">buy the score from UE<\/a><\/div>\n<\/div>\n<\/div><\/div>\n\n\n\n<div style=\"height:100px\" aria-hidden=\"true\" class=\"wp-block-spacer\"><\/div>\n\n\n\n<div class=\"wp-block-group alignwide has-background\" style=\"background-color:#b2af6ff0\"><div class=\"wp-block-group__inner-container is-layout-flow wp-block-group-is-layout-flow\">\n<h4 class=\"wp-block-heading has-text-align-center has-background-color has-text-color\">Marley&#8217;s Ghost<\/h4>\n\n\n\n<div style=\"height:15px\" aria-hidden=\"true\" class=\"wp-block-spacer\"><\/div>\n\n\n\n<div class=\"wp-block-group alignfull has-background-background-color has-background\"><div class=\"wp-block-group__inner-container is-layout-constrained wp-block-group-is-layout-constrained\">\n<figure class=\"wp-block-embed alignfull is-type-video is-provider-youtube wp-block-embed-youtube wp-embed-aspect-16-9 wp-has-aspect-ratio\"><div class=\"wp-block-embed__wrapper\">\n<iframe loading=\"lazy\" title=\"In Spirito Mahler\" width=\"580\" height=\"326\" src=\"https:\/\/www.youtube.com\/embed\/0wYwPodP5zE?start=4574&#038;feature=oembed\" frameborder=\"0\" allow=\"accelerometer; autoplay; clipboard-write; encrypted-media; gyroscope; picture-in-picture; web-share\" referrerpolicy=\"strict-origin-when-cross-origin\" allowfullscreen><\/iframe>\n<\/div><figcaption class=\"wp-element-caption\">Ensemble Zeitfluss | Georg Klimbacher (baritone) | Edo Micic (conductor)<\/figcaption><\/figure>\n<\/div><\/div>\n\n\n\n<div style=\"height:40px\" aria-hidden=\"true\" class=\"wp-block-spacer\"><\/div>\n\n\n\n<div class=\"wp-block-buttons is-horizontal is-content-justification-center is-layout-flex wp-container-core-buttons-is-layout-499968f5 wp-block-buttons-is-layout-flex\">\n<div class=\"wp-block-button is-style-fill\"><a class=\"wp-block-button__link has-accent-color has-background-background-color has-text-color has-background wp-element-button\" href=\"https:\/\/www.universaledition.com\/christoph-renhart-7826\/werke\/echos-eloquents-29913\" target=\"_blank\" rel=\"noreferrer noopener\">buy the score from UE<\/a><\/div>\n<\/div>\n<\/div><\/div>\n\n\n\n<div style=\"height:100px\" aria-hidden=\"true\" class=\"wp-block-spacer\"><\/div>\n\n\n\n<div class=\"wp-block-group alignwide has-background\" style=\"background-color:#626c94f0\"><div class=\"wp-block-group__inner-container is-layout-flow wp-block-group-is-layout-flow\">\n<h4 class=\"wp-block-heading has-text-align-center has-background-color has-text-color\">XXI Orakel der Nacht \u2013 Zweites Heft<\/h4>\n\n\n\n<div style=\"height:15px\" aria-hidden=\"true\" class=\"wp-block-spacer\"><\/div>\n\n\n\n<div class=\"wp-block-group alignwide has-background-background-color has-background\"><div class=\"wp-block-group__inner-container is-layout-constrained wp-block-group-is-layout-constrained\">\n<iframe style=\"border: 0; width: 100%; height: 120px;\" src=\"https:\/\/bandcamp.com\/EmbeddedPlayer\/album=3030762984\/size=large\/bgcol=333333\/linkcol=e32c14\/tracklist=false\/artwork=small\/track=2434065190\/transparent=true\/\" seamless><a href=\"https:\/\/insoffene.bandcamp.com\/album\/ins-offene-f-r-gerd-k-hr\">Ins Offene: F\u00fcr Gerd K\u00fchr von Various Artists<\/a><\/iframe>\n\n\n\n<div style=\"height:15px\" aria-hidden=\"true\" class=\"wp-block-spacer\"><\/div>\n\n\n\n<iframe style=\"border: 0; width: 100%; height: 120px;\" src=\"https:\/\/bandcamp.com\/EmbeddedPlayer\/album=3030762984\/size=large\/bgcol=333333\/linkcol=e32c14\/tracklist=false\/artwork=small\/track=1562902516\/transparent=true\/\" seamless><a href=\"https:\/\/insoffene.bandcamp.com\/album\/ins-offene-f-r-gerd-k-hr\">Ins Offene: F\u00fcr Gerd K\u00fchr von Various Artists<\/a><\/iframe>\n\n\n\n<div style=\"height:15px\" aria-hidden=\"true\" class=\"wp-block-spacer\"><\/div>\n\n\n\n<iframe style=\"border: 0; width: 100%; height: 120px;\" src=\"https:\/\/bandcamp.com\/EmbeddedPlayer\/album=3030762984\/size=large\/bgcol=333333\/linkcol=e32c14\/tracklist=false\/artwork=small\/track=1723231050\/transparent=true\/\" seamless><a href=\"https:\/\/insoffene.bandcamp.com\/album\/ins-offene-f-r-gerd-k-hr\">Ins Offene: F\u00fcr Gerd K\u00fchr von Various Artists<\/a><\/iframe>\n\n\n\n<div style=\"height:15px\" aria-hidden=\"true\" class=\"wp-block-spacer\"><\/div>\n\n\n\n<iframe style=\"border: 0; width: 100%; height: 120px;\" src=\"https:\/\/bandcamp.com\/EmbeddedPlayer\/album=3030762984\/size=large\/bgcol=333333\/linkcol=e32c14\/tracklist=false\/artwork=small\/track=2092073231\/transparent=true\/\" seamless><a href=\"https:\/\/insoffene.bandcamp.com\/album\/ins-offene-f-r-gerd-k-hr\">Ins Offene: F\u00fcr Gerd K\u00fchr von Various Artists<\/a><\/iframe>\n\n\n\n<div style=\"height:15px\" aria-hidden=\"true\" class=\"wp-block-spacer\"><\/div>\n\n\n\n<iframe style=\"border: 0; width: 100%; height: 120px;\" src=\"https:\/\/bandcamp.com\/EmbeddedPlayer\/album=3030762984\/size=large\/bgcol=333333\/linkcol=e32c14\/tracklist=false\/artwork=small\/track=1758258879\/transparent=true\/\" seamless><a href=\"https:\/\/insoffene.bandcamp.com\/album\/ins-offene-f-r-gerd-k-hr\">Ins Offene: F\u00fcr Gerd K\u00fchr von Various Artists<\/a><\/iframe>\n\n\n\n<div style=\"height:15px\" aria-hidden=\"true\" class=\"wp-block-spacer\"><\/div>\n\n\n\n<p class=\"has-text-align-center has-small-font-size\">Christoph Renhart, piano<\/p>\n<\/div><\/div>\n\n\n\n<div style=\"height:40px\" aria-hidden=\"true\" class=\"wp-block-spacer\"><\/div>\n\n\n\n<div class=\"wp-block-buttons is-horizontal is-content-justification-center is-layout-flex wp-container-core-buttons-is-layout-499968f5 wp-block-buttons-is-layout-flex\">\n<div class=\"wp-block-button is-style-fill\"><a class=\"wp-block-button__link has-accent-color has-background-background-color has-text-color has-background wp-element-button\" href=\"https:\/\/www.universaledition.com\/christoph-renhart-7826\/werke\/xxi-orakel-der-nacht-zweites-heft-31126\" target=\"_blank\" rel=\"noreferrer noopener\">Buy the Score from UE<\/a><\/div>\n<\/div>\n<\/div><\/div>\n\n\n\n<div style=\"height:100px\" aria-hidden=\"true\" class=\"wp-block-spacer\"><\/div>\n\n\n\n<div class=\"wp-block-group alignwide has-background\" style=\"background-color:#629470f0\"><div class=\"wp-block-group__inner-container is-layout-flow wp-block-group-is-layout-flow\">\n<h4 class=\"wp-block-heading has-text-align-center has-background-color has-text-color\">la terra sommersa &#8230; un campanile<\/h4>\n\n\n\n<div style=\"height:15px\" aria-hidden=\"true\" class=\"wp-block-spacer\"><\/div>\n\n\n\n<div class=\"wp-block-group alignwide has-background-background-color has-background\"><div class=\"wp-block-group__inner-container is-layout-constrained wp-block-group-is-layout-constrained\">\n<iframe style=\"border: 0; width: 100%; height: 120px;\" src=\"https:\/\/bandcamp.com\/EmbeddedPlayer\/album=4128650952\/size=large\/bgcol=333333\/linkcol=e32c14\/tracklist=false\/artwork=small\/track=455919246\/transparent=true\/\" seamless><a href=\"https:\/\/steirischertonkuenstlerbund.bandcamp.com\/album\/frodl-nishii\">Frodl &amp; Nishii von Christoph Renhart<\/a><\/iframe>\n\n\n\n<div style=\"height:15px\" aria-hidden=\"true\" class=\"wp-block-spacer\"><\/div>\n\n\n\n<iframe style=\"border: 0; width: 100%; height: 120px;\" src=\"https:\/\/bandcamp.com\/EmbeddedPlayer\/album=4128650952\/size=large\/bgcol=333333\/linkcol=e32c14\/tracklist=false\/artwork=small\/track=1295347613\/transparent=true\/\" seamless><a href=\"https:\/\/steirischertonkuenstlerbund.bandcamp.com\/album\/frodl-nishii\">Frodl &amp; Nishii von Christoph Renhart<\/a><\/iframe>\n\n\n\n<div style=\"height:15px\" aria-hidden=\"true\" class=\"wp-block-spacer\"><\/div>\n\n\n\n<iframe style=\"border: 0; width: 100%; height: 120px;\" src=\"https:\/\/bandcamp.com\/EmbeddedPlayer\/album=4128650952\/size=large\/bgcol=333333\/linkcol=e32c14\/tracklist=false\/artwork=small\/track=2534090928\/transparent=true\/\" seamless><a href=\"https:\/\/steirischertonkuenstlerbund.bandcamp.com\/album\/frodl-nishii\">Frodl &amp; Nishii von Christoph Renhart<\/a><\/iframe>\n\n\n\n<div style=\"height:15px\" aria-hidden=\"true\" class=\"wp-block-spacer\"><\/div>\n\n\n\n<p class=\"has-text-align-center has-small-font-size\">Maria Frodl, violoncello<br>Kaori Nishii, piano<\/p>\n<\/div><\/div>\n\n\n\n<div style=\"height:40px\" aria-hidden=\"true\" class=\"wp-block-spacer\"><\/div>\n\n\n\n<div class=\"wp-block-buttons is-horizontal is-content-justification-center is-layout-flex wp-container-core-buttons-is-layout-499968f5 wp-block-buttons-is-layout-flex\"><\/div>\n<\/div><\/div>\n","protected":false},"excerpt":{"rendered":"<p>Let&#8217;s have some music. \u00c9chos \u00e9loquents (Mons version) \u00celes englouties Catalogue des Arts et M\u00e9tiers Marley&#8217;s Ghost XXI Orakel der Nacht \u2013 Zweites Heft Ins Offene: F\u00fcr Gerd K\u00fchr von Various Artists Ins Offene: F\u00fcr Gerd K\u00fchr von Various Artists Ins Offene: F\u00fcr Gerd K\u00fchr von Various Artists Ins Offene: F\u00fcr Gerd K\u00fchr von Various [&hellip;]<\/p>\n","protected":false},"author":1,"featured_media":0,"parent":0,"menu_order":0,"comment_status":"closed","ping_status":"closed","template":"","meta":{"pgc_sgb_lightbox_settings":"","footnotes":""},"class_list":["post-51","page","type-page","status-publish","hentry"],"_links":{"self":[{"href":"https:\/\/www.chrenhart.eu\/2021\/wp-json\/wp\/v2\/pages\/51","targetHints":{"allow":["GET"]}}],"collection":[{"href":"https:\/\/www.chrenhart.eu\/2021\/wp-json\/wp\/v2\/pages"}],"about":[{"href":"https:\/\/www.chrenhart.eu\/2021\/wp-json\/wp\/v2\/types\/page"}],"author":[{"embeddable":true,"href":"https:\/\/www.chrenhart.eu\/2021\/wp-json\/wp\/v2\/users\/1"}],"replies":[{"embeddable":true,"href":"https:\/\/www.chrenhart.eu\/2021\/wp-json\/wp\/v2\/comments?post=51"}],"version-history":[{"count":135,"href":"https:\/\/www.chrenhart.eu\/2021\/wp-json\/wp\/v2\/pages\/51\/revisions"}],"predecessor-version":[{"id":2674,"href":"https:\/\/www.chrenhart.eu\/2021\/wp-json\/wp\/v2\/pages\/51\/revisions\/2674"}],"wp:attachment":[{"href":"https:\/\/www.chrenhart.eu\/2021\/wp-json\/wp\/v2\/media?parent=51"}],"curies":[{"name":"wp","href":"https:\/\/api.w.org\/{rel}","templated":true}]}}